{"id":3179,"date":"2025-01-03T09:17:46","date_gmt":"2025-01-03T09:17:46","guid":{"rendered":"https:\/\/dongminh.vn\/?page_id=3179"},"modified":"2025-03-14T07:55:37","modified_gmt":"2025-03-14T07:55:37","slug":"contact","status":"publish","type":"page","link":"https:\/\/dongminh.vn\/en\/contact\/","title":{"rendered":"Contact"},"content":{"rendered":"\n\t<section class=\"section\" id=\"section_857009621\">\n\t\t<div class=\"section-bg fill\" >\n\t\t\t\t\t\t\t\t\t\n\t\t\t\n\n\t\t<\/div>\n\n\t\t\n\n\t\t<div class=\"section-content relative\">\n\t\t\t\n\t<div id=\"gap-571317449\" class=\"gap-element clearfix\" style=\"display:block; height:auto;\">\n\t\t\n<style>\n#gap-571317449 {\n  padding-top: 15px;\n}\n<\/style>\n\t<\/div>\n\t\n\n\t<div id=\"gap-1920383167\" class=\"gap-element clearfix\" style=\"display:block; height:auto;\">\n\t\t\n<style>\n#gap-1920383167 {\n  padding-top: 15px;\n}\n<\/style>\n\t<\/div>\n\t\n<div class=\"row\"  id=\"row-1097539188\">\n\n\t<div id=\"col-1277229070\" class=\"col small-12 large-12\"  >\n\t\t\t\t<div class=\"col-inner\" style=\"background-color:rgb(255, 255, 255);\" >\n\t\t\t\n\t\t\t\n<div class=\"container section-title-container pageHeadingDe1\" ><h1 class=\"section-title section-title-center\"><span class=\"ez-toc-section\" id=\"Lien_he\"><\/span><b><\/b><span class=\"section-title-main\" style=\"color:rgb(242, 100, 38);\">Li\u00ean h\u1ec7<\/span><b><\/b><span class=\"ez-toc-section-end\"><\/span><\/h1><\/div>\n\t<div id=\"text-1457103538\" class=\"text\">\n\t\t\n<h1><span class=\"ez-toc-section\" id=\"CONG_TY_TNHH_CONG_THUONG_DONG_MINH\"><\/span><strong>C\u00d4NG TY TNHH C\u00d4NG TH\u01af\u01a0NG \u0110\u1ed2NG MINH<\/strong><span class=\"ez-toc-section-end\"><\/span><\/h1>\n<p style=\"text-align: justify;\"><strong>\u0110\u1ecba ch\u1ec9 tr\u1ee5 s\u1edf:<\/strong>\u00a040 Ng\u00f4 Gia T\u1ef1, Ph\u01b0\u1eddng \u0110\u1ee9c Giang, Qu\u1eadn Long Bi\u00ean, H\u00e0 N\u1ed9i.<\/p>\n<p style=\"text-align: justify;\"><strong>Nh\u00e0 m\u00e1y:<\/strong> Ngh\u0129a Trai, X\u00e3 T\u00e2n Quang, Huy\u1ec7n V\u0103n L\u00e2m, H\u01b0ng Y\u00ean.<\/p>\n<p style=\"text-align: justify;\"><strong>Chi nh\u00e1nh ph\u00eda Nam:<\/strong>\u00a0A7\/6 V\u00f5 V\u0103n V\u00e2n, \u1ea4p 1, X\u00e3 V\u0129nh L\u1ed9c B, Huy\u1ec7n B\u00ecnh Ch\u00e1nh, H\u1ed3 Ch\u00ed Minh.<\/p>\n<p><strong>Hotline:\u00a0<\/strong>1900.09.99.09<\/p>\n<p><strong>Tr\u1ee5 s\u1edf:<\/strong>\u00a00793.88.99.89 &#8211;\u00a0024.38.737.737<\/p>\n<p><strong>Chi nh\u00e1nh ph\u00eda Nam:<\/strong>\u00a0028 62.75.97.18<\/p>\n<p>Website:\u00a0<a href=\"http:\/\/dongminh.vn\/\">www.dongminh.vn<\/a>\u00a0| Email:\u00a0<a href=\"http:\/\/admin@dongminh.vn\/\">admin@dongminh.vn<\/a><\/p>\n<p>Facebook :\u00a0<a href=\"https:\/\/www.facebook.com\/xemayALLY\/\">https:\/\/www.facebook.com\/xemayALLY\/<\/a><br \/>\n\t\t\n<style>\n#text-1457103538 {\n  color: rgb(0,0,0);\n}\n#text-1457103538 > * {\n  color: rgb(0,0,0);\n}\n<\/style>\n\t<\/div>\n\t\n\t<div id=\"gap-1320817511\" class=\"gap-element clearfix\" style=\"display:block; height:auto;\">\n\t\t\n<style>\n#gap-1320817511 {\n  padding-top: 30px;\n}\n<\/style>\n\t<\/div>\n\t\n<div class=\"row\"  id=\"row-1015857159\">\n\n\t<div id=\"col-60943952\" class=\"col medium-3 small-12 large-3\"  >\n\t\t\t\t<div class=\"col-inner\"  >\n\t\t\t\n\t\t\t\n\n<p><iframe loading=\"lazy\" style=\"border: 0;\" src=\"https:\/\/www.google.com\/maps\/embed?pb=!1m18!1m12!1m3!1d3723.3808657718782!2d105.88824857657507!3d21.05744518679013!2m3!1f0!2f0!3f0!3m2!1i1024!2i768!4f13.1!3m3!1m2!1s0x3135a99ba0ea746b%3A0x803e7568c138667f!2zNDAgxJAuIE5nw7QgR2lhIFThu7EsIMSQ4bupYyBHaWFuZywgTG9uZyBCacOqbiwgSMOgIE7hu5lpLCBWaeG7h3QgTmFt!5e0!3m2!1svi!2s!4v1739268321827!5m2!1svi!2s\" width=\"100%\" height=\"300\" allowfullscreen=\"allowfullscreen\" data-mce-fragment=\"1\"><\/iframe><br \/>\n\n\t\t<\/div>\n\t\t\t\t\t<\/div>\n\n\t\n\n\t<div id=\"col-552416052\" class=\"col medium-3 small-12 large-3\"  >\n\t\t\t\t<div class=\"col-inner\"  >\n\t\t\t\n\t\t\t\n\n<p><iframe loading=\"lazy\" style=\"border: 0;\" src=\"https:\/\/www.google.com\/maps\/embed?pb=!1m18!1m12!1m3!1d3919.475258927684!2d106.5722536!3d10.7748653!2m3!1f0!2f0!3f0!3m2!1i1024!2i768!4f13.1!3m3!1m2!1s0x31752d1828dd5e9d%3A0x4d9ab2672a201bc6!2zQ1RZIFROSEggQ8OUTkcgVEjGr8agTkcgxJDhu5JORyBNSU5I!5e0!3m2!1svi!2s!4v1739268259951!5m2!1svi!2s\" width=\"100%\" height=\"300\" allowfullscreen=\"allowfullscreen\" data-mce-fragment=\"1\"><\/iframe><br \/>\n\n\t\t<\/div>\n\t\t\t\t\t<\/div>\n\n\t\n\n\t<div id=\"col-1399821234\" class=\"col formCol medium-6 small-12 large-6\"  >\n\t\t\t\t<div class=\"col-inner\"  >\n\t\t\t\n\t\t\t\n\n<div class=\"wpcf7 no-js\" id=\"wpcf7-f3171-o1\" lang=\"vi-VN\" dir=\"ltr\" data-wpcf7-id=\"3171\">\n<div class=\"screen-reader-response\"><p role=\"status\" aria-live=\"polite\" aria-atomic=\"true\"><\/p> <ul><\/ul><\/div>\n<form action=\"\/en\/wp-json\/wp\/v2\/pages\/3179#wpcf7-f3171-o1\" method=\"post\" class=\"wpcf7-form init\" aria-label=\"Contact form\" novalidate=\"novalidate\" data-status=\"init\">\n<div style=\"display: none;\">\n<input type=\"hidden\" name=\"_wpcf7\" value=\"3171\" \/>\n<input type=\"hidden\" name=\"_wpcf7_version\" value=\"6.0.2\" \/>\n<input type=\"hidden\" name=\"_wpcf7_locale\" value=\"vi_VN\" \/>\n<input type=\"hidden\" name=\"_wpcf7_unit_tag\" value=\"wpcf7-f3171-o1\" \/>\n<input type=\"hidden\" name=\"_wpcf7_container_post\" value=\"0\" \/>\n<input type=\"hidden\" name=\"_wpcf7_posted_data_hash\" value=\"\" \/>\n<\/div>\n<div class=\"row\">\n\t<div class=\"col medium-6 small-12 large-6\">\n\t\t<p><span class=\"wpcf7-form-control-wrap\" data-name=\"cteName\"><input size=\"40\" maxlength=\"400\" class=\"wpcf7-form-control wpcf7-text\" aria-invalid=\"false\" placeholder=\"H\u1ecd t\u00ean\" value=\"\" type=\"text\" name=\"cteName\" \/><\/span>\n\t\t<\/p>\n\t<\/div>\n\t<div class=\"col medium-6 small-12 large-6\">\n\t\t<p><span class=\"wpcf7-form-control-wrap\" data-name=\"ctePhone\"><input size=\"40\" maxlength=\"400\" class=\"wpcf7-form-control wpcf7-tel wpcf7-text wpcf7-validates-as-tel\" aria-invalid=\"false\" placeholder=\"S\u1ed1 \u0111i\u1ec7n tho\u1ea1i\" value=\"\" type=\"tel\" name=\"ctePhone\" \/><\/span>\n\t\t<\/p>\n\t<\/div>\n\t<div class=\"col medium-12 small-12 large-12\">\n\t\t<p><span class=\"wpcf7-form-control-wrap\" data-name=\"cteEmail\"><input size=\"40\" maxlength=\"400\" class=\"wpcf7-form-control wpcf7-email wpcf7-text wpcf7-validates-as-email\" aria-invalid=\"false\" placeholder=\"Email\" value=\"\" type=\"email\" name=\"cteEmail\" \/><\/span>\n\t\t<\/p>\n\t<\/div>\n\t<div class=\"col medium-12 small-12 large-12\">\n\t\t<p><span class=\"wpcf7-form-control-wrap\" data-name=\"cteCom\"><input size=\"40\" maxlength=\"400\" class=\"wpcf7-form-control wpcf7-text\" aria-invalid=\"false\" placeholder=\"T\u00ean c\u00f4ng ty\" value=\"\" type=\"text\" name=\"cteCom\" \/><\/span>\n\t\t<\/p>\n\t<\/div>\n\t<div class=\"col medium-12 small-12 large-12\">\n\t\t<p><span class=\"wpcf7-form-control-wrap\" data-name=\"cteContent\"><textarea cols=\"40\" rows=\"10\" maxlength=\"2000\" class=\"wpcf7-form-control wpcf7-textarea\" aria-invalid=\"false\" placeholder=\"N\u1ed9i dung\" name=\"cteContent\"><\/textarea><\/span>\n\t\t<\/p>\n\t<\/div>\n\t<div class=\"col medium-12 small-12 large-12\">\n\t\t<p><input class=\"wpcf7-form-control wpcf7-submit has-spinner button\" type=\"submit\" value=\"G\u1eedi li\u00ean h\u1ec7\" \/>\n\t\t<\/p>\n\t<\/div>\n<\/div><div class=\"wpcf7-response-output\" aria-hidden=\"true\"><\/div>\n<\/form>\n<\/div>\n\n\t\t<\/div>\n\t\t\t\t\t<\/div>\n\n\t\n<\/div>\n\t\t<\/div>\n\t\t\t\t\n<style>\n#col-1277229070 > .col-inner {\n  padding: 20px 20px 20px 20px;\n}\n<\/style>\n\t<\/div>\n\n\t\n<\/div>\n\t<div id=\"gap-556110813\" class=\"gap-element clearfix\" style=\"display:block; height:auto;\">\n\t\t\n<style>\n#gap-556110813 {\n  padding-top: 30px;\n}\n<\/style>\n\t<\/div>\n\t\n\t\t<\/div>\n\n\t\t\n<style>\n#section_857009621 {\n  padding-top: 0px;\n  padding-bottom: 0px;\n  background-color: rgb(240, 240, 240);\n}\n<\/style>\n\t<\/section>\n\t\n","protected":false},"excerpt":{"rendered":"","protected":false},"author":1,"featured_media":0,"parent":0,"menu_order":0,"comment_status":"closed","ping_status":"closed","template":"page-blank.php","meta":{"footnotes":""},"class_list":["post-3179","page","type-page","status-publish","hentry"],"acf":[],"yoast_head":"<!-- This site is optimized with the Yoast SEO plugin v24.1 - https:\/\/yoast.com\/wordpress\/plugins\/seo\/ -->\n<title>Contact - \u0110\u1ed2NG MINH<\/title>\n<meta name=\"robots\" content=\"index, follow, max-snippet:-1, max-image-preview:large, max-video-preview:-1\" \/>\n<link rel=\"canonical\" href=\"https:\/\/dongminh.vn\/en\/contact\/\" \/>\n<meta property=\"og:locale\" content=\"en_US\" \/>\n<meta property=\"og:type\" content=\"article\" \/>\n<meta property=\"og:title\" content=\"Contact - \u0110\u1ed2NG MINH\" \/>\n<meta property=\"og:url\" content=\"https:\/\/dongminh.vn\/en\/contact\/\" \/>\n<meta property=\"og:site_name\" content=\"\u0110\u1ed2NG MINH\" \/>\n<meta property=\"article:modified_time\" content=\"2025-03-14T07:55:37+00:00\" \/>\n<meta name=\"twitter:card\" content=\"summary_large_image\" \/>\n<meta name=\"twitter:label1\" content=\"Est. reading time\" \/>\n\t<meta name=\"twitter:data1\" content=\"1 minute\" \/>\n<script type=\"application\/ld+json\" class=\"yoast-schema-graph\">{\"@context\":\"https:\/\/schema.org\",\"@graph\":[{\"@type\":\"WebPage\",\"@id\":\"https:\/\/dongminh.vn\/en\/contact\/\",\"url\":\"https:\/\/dongminh.vn\/en\/contact\/\",\"name\":\"Contact - \u0110\u1ed2NG MINH\",\"isPartOf\":{\"@id\":\"https:\/\/dongminh.vn\/#website\"},\"datePublished\":\"2025-01-03T09:17:46+00:00\",\"dateModified\":\"2025-03-14T07:55:37+00:00\",\"breadcrumb\":{\"@id\":\"https:\/\/dongminh.vn\/en\/contact\/#breadcrumb\"},\"inLanguage\":\"en-US\",\"potentialAction\":[{\"@type\":\"ReadAction\",\"target\":[\"https:\/\/dongminh.vn\/en\/contact\/\"]}]},{\"@type\":\"BreadcrumbList\",\"@id\":\"https:\/\/dongminh.vn\/en\/contact\/#breadcrumb\",\"itemListElement\":[{\"@type\":\"ListItem\",\"position\":1,\"name\":\"Trang ch\u1ee7\",\"item\":\"https:\/\/dongminh.vn\/en\/\"},{\"@type\":\"ListItem\",\"position\":2,\"name\":\"Contact\"}]},{\"@type\":\"WebSite\",\"@id\":\"https:\/\/dongminh.vn\/#website\",\"url\":\"https:\/\/dongminh.vn\/\",\"name\":\"\u0110\u1ed2NG MINH\",\"description\":\"\",\"potentialAction\":[{\"@type\":\"SearchAction\",\"target\":{\"@type\":\"EntryPoint\",\"urlTemplate\":\"https:\/\/dongminh.vn\/?s={search_term_string}\"},\"query-input\":{\"@type\":\"PropertyValueSpecification\",\"valueRequired\":true,\"valueName\":\"search_term_string\"}}],\"inLanguage\":\"en-US\"}]}<\/script>\n<!-- \/ Yoast SEO plugin. -->","yoast_head_json":{"title":"Contact - \u0110\u1ed2NG MINH","robots":{"index":"index","follow":"follow","max-snippet":"max-snippet:-1","max-image-preview":"max-image-preview:large","max-video-preview":"max-video-preview:-1"},"canonical":"https:\/\/dongminh.vn\/en\/contact\/","og_locale":"en_US","og_type":"article","og_title":"Contact - \u0110\u1ed2NG MINH","og_url":"https:\/\/dongminh.vn\/en\/contact\/","og_site_name":"\u0110\u1ed2NG MINH","article_modified_time":"2025-03-14T07:55:37+00:00","twitter_card":"summary_large_image","twitter_misc":{"Est. reading time":"1 minute"},"schema":{"@context":"https:\/\/schema.org","@graph":[{"@type":"WebPage","@id":"https:\/\/dongminh.vn\/en\/contact\/","url":"https:\/\/dongminh.vn\/en\/contact\/","name":"Contact - \u0110\u1ed2NG MINH","isPartOf":{"@id":"https:\/\/dongminh.vn\/#website"},"datePublished":"2025-01-03T09:17:46+00:00","dateModified":"2025-03-14T07:55:37+00:00","breadcrumb":{"@id":"https:\/\/dongminh.vn\/en\/contact\/#breadcrumb"},"inLanguage":"en-US","potentialAction":[{"@type":"ReadAction","target":["https:\/\/dongminh.vn\/en\/contact\/"]}]},{"@type":"BreadcrumbList","@id":"https:\/\/dongminh.vn\/en\/contact\/#breadcrumb","itemListElement":[{"@type":"ListItem","position":1,"name":"Trang ch\u1ee7","item":"https:\/\/dongminh.vn\/en\/"},{"@type":"ListItem","position":2,"name":"Contact"}]},{"@type":"WebSite","@id":"https:\/\/dongminh.vn\/#website","url":"https:\/\/dongminh.vn\/","name":"\u0110\u1ed2NG MINH","description":"","potentialAction":[{"@type":"SearchAction","target":{"@type":"EntryPoint","urlTemplate":"https:\/\/dongminh.vn\/?s={search_term_string}"},"query-input":{"@type":"PropertyValueSpecification","valueRequired":true,"valueName":"search_term_string"}}],"inLanguage":"en-US"}]}},"_links":{"self":[{"href":"https:\/\/dongminh.vn\/en\/wp-json\/wp\/v2\/pages\/3179","targetHints":{"allow":["GET"]}}],"collection":[{"href":"https:\/\/dongminh.vn\/en\/wp-json\/wp\/v2\/pages"}],"about":[{"href":"https:\/\/dongminh.vn\/en\/wp-json\/wp\/v2\/types\/page"}],"author":[{"embeddable":true,"href":"https:\/\/dongminh.vn\/en\/wp-json\/wp\/v2\/users\/1"}],"replies":[{"embeddable":true,"href":"https:\/\/dongminh.vn\/en\/wp-json\/wp\/v2\/comments?post=3179"}],"version-history":[{"count":2,"href":"https:\/\/dongminh.vn\/en\/wp-json\/wp\/v2\/pages\/3179\/revisions"}],"predecessor-version":[{"id":3181,"href":"https:\/\/dongminh.vn\/en\/wp-json\/wp\/v2\/pages\/3179\/revisions\/3181"}],"wp:attachment":[{"href":"https:\/\/dongminh.vn\/en\/wp-json\/wp\/v2\/media?parent=3179"}],"curies":[{"name":"wp","href":"https:\/\/api.w.org\/{rel}","templated":true}]}}